{"id":7328,"date":"2020-11-16T10:39:19","date_gmt":"2020-11-16T15:39:19","guid":{"rendered":"https:\/\/groupedentairelaval.com\/clinic\/dr-youssef-bouhout\/"},"modified":"2021-07-12T10:37:12","modified_gmt":"2021-07-12T14:37:12","slug":"dr-youssef-bouhout","status":"publish","type":"page","link":"https:\/\/groupedentairelaval.com\/en\/clinic\/team\/dr-youssef-bouhout\/","title":{"rendered":"Dr. Youssef Bouhout"},"content":{"rendered":"<div id=\"pl-7328\"  class=\"panel-layout\" ><div id=\"pg-7328-0\"  class=\"panel-grid panel-has-style\" ><div class=\"siteorigin-panels-stretch divider-no-animation tablet-1-in-row mobile-1-in-row desktop-default custom panel-row-style panel-row-style-for-7328-0\" data-stretch-type=\"full\" ><div id=\"pgc-7328-0-0\"  class=\"panel-grid-cell\" ><div id=\"panel-7328-0-0-0\" class=\"so-panel widget widget_orion_heading_w panel-first-child\" data-index=\"0\" ><div class=\"orion custom mobile-text-center default panel-widget-style panel-widget-style-for-7328-0-0-0\" ><div\n\t\t\t\n\t\t\tclass=\"so-widget-orion_heading_w so-widget-orion_heading_w-base\"\n\t\t\t\n\t\t> \r\n\t\t\t<div class=\"row orion-heading\" style=\"margin-bottom:0px;\">\r\n\t\t<div class=\"col-md-12   text-left style-h1 style-primary-color\">\r\n\t\t\t<h1 class=\"primary-color text-uppercase\">\r\n\t\t\t\tDr. Youssef Bouhout \t\t\t<\/h1>\r\n\t\t<\/div>\r\n\t<\/div>\r\n\r\n\t<\/div><\/div><\/div><div id=\"panel-7328-0-0-1\" class=\"so-panel widget widget_orion_heading_w\" data-index=\"1\" ><div class=\"orion custom mobile-text-center default panel-widget-style panel-widget-style-for-7328-0-0-1\" ><div\n\t\t\t\n\t\t\tclass=\"so-widget-orion_heading_w so-widget-orion_heading_w-base\"\n\t\t\t\n\t\t> \r\n\t\t\t<div class=\"row orion-heading\" style=\"margin-bottom:0px;\">\r\n\t\t<div class=\"col-md-12   text-left style-h5 style-tertiary-color\">\r\n\t\t\t<h5 class=\"tertiary-color text-uppercase\">\r\n\t\t\t\tPeriodontal specialist\t\t\t<\/h5>\r\n\t\t<\/div>\r\n\t<\/div>\r\n\r\n\t<\/div><\/div><\/div><div id=\"panel-7328-0-0-2\" class=\"so-panel widget widget_sow-editor\" data-index=\"2\" ><div class=\"orion custom mobile-text-center default panel-widget-style panel-widget-style-for-7328-0-0-2\" ><div\n\t\t\t\n\t\t\tclass=\"so-widget-sow-editor so-widget-sow-editor-base\"\n\t\t\t\n\t\t>\n<div class=\"siteorigin-widget-tinymce textwidget\">\n\t<p>Dr. Youssef Bouhout received his Doctor of Dental Medicine degree in 2014 from Universit\u00e9 Laval. He then completed additional training in multidisciplinary dentistry while practising in a private office during this period. Dr. Bouhout then completed his specialty in periodontics at Universit\u00e9 Laval and received his fellowship from the Royal College of Dentists of Canada in 2019. He has also completed a master\u2019s degree in dental sciences on laser treatment of periodontitis. During his studies, he received several awards for academic excellence, including a distinction recognizing his professionalism and the excellence of his academic results at the graduate level.<\/p>\n<\/div>\n<\/div><\/div><\/div><div id=\"panel-7328-0-0-3\" class=\"so-panel widget widget_sow-editor\" data-index=\"3\" ><div class=\"orion custom mobile-text-center default panel-widget-style panel-widget-style-for-7328-0-0-3\" ><div\n\t\t\t\n\t\t\tclass=\"so-widget-sow-editor so-widget-sow-editor-base\"\n\t\t\t\n\t\t>\n<div class=\"siteorigin-widget-tinymce textwidget\">\n\t<p>His three-year periodontal training allowed him to specialize in the surgical and non-surgical treatment of various periodontal diseases and the placement of dental implants. He also combines art with the most recent and efficient techniques in the field of gum repair and aesthetic gum surgery, particularly through gum grafts.<\/p>\n<\/div>\n<\/div><\/div><\/div><div id=\"panel-7328-0-0-4\" class=\"so-panel widget widget_sow-editor panel-last-child\" data-index=\"4\" ><div class=\"orion custom mobile-text-center default panel-widget-style panel-widget-style-for-7328-0-0-4\" ><div\n\t\t\t\n\t\t\tclass=\"so-widget-sow-editor so-widget-sow-editor-base\"\n\t\t\t\n\t\t>\n<div class=\"siteorigin-widget-tinymce textwidget\">\n\t<p>Dr. Youssef Bouhout practises periodontics and implantology in greater Montr\u00e9al and Trois-Rivi\u00e8res. He is also responsible for clinical teaching in the multidisciplinary residency program at the Montr\u00e9al General Hospital affiliated with McGill University. Dr. Bouhout is always concerned about the well-being of his patients and meticulous in his care. His empathy, professionalism and patience are the keys to a climate of trust that is close to his heart.<\/p>\n<\/div>\n<\/div><\/div><\/div><\/div><div id=\"pgc-7328-0-1\"  class=\"panel-grid-cell\" ><div class=\"custom panel-cell-style panel-cell-style-for-7328-0-1\" ><div id=\"panel-7328-0-1-0\" class=\"so-panel widget widget_orion_image_w panel-first-child\" data-index=\"5\" ><div class=\"orion custom mobile-text-center default panel-widget-style panel-widget-style-for-7328-0-1-0\" ><div\n\t\t\t\n\t\t\tclass=\"so-widget-orion_image_w so-widget-orion_image_w-base\"\n\t\t\t\n\t\t>\r\n<div class=\"image-w relative rounded\">\r\n\r\n\t\t\t\t\t\t\t<div class=\"orion_circle image-wrap rounded overlay-none overlay-hover-none\">\r\n\t\t\r\n\t\t\t\t<div class=\"circle-wrap\">\r\n\t\t\t\t\t<img loading=\"lazy\" decoding=\"async\" width=\"667\" height=\"668\" src=\"https:\/\/groupedentairelaval.com\/wp-content\/uploads\/2021\/06\/Dr-Youssef-Bouhout-Parodontiste-1.jpg\" class=\"attachment-orion_square size-orion_square\" alt=\"\" \/>\t\t\t<div class=\"overlay\"><\/div>\r\n\t\t\t\t<\/div>\r\n\t\t\r\n\t\t\t\t\t<\/div>\r\n\t\t\t\r\n\t\r\n\t<div class=\"absolute\">\r\n\t\t<div class=\"hover-desc table-wrap\">\r\n\t\t\t<div class=\"cell-wrap\">\r\n\t\t\t\t<h4 class=\"text-light\"><\/h4>\r\n\t\t\t<\/div>\r\n\t\t<\/div>\r\n\t<\/div>\t\t\t\t\t\r\n<\/div>\r\n\r\n<\/div><\/div><\/div><div id=\"panel-7328-0-1-1\" class=\"so-panel widget widget_orion_heading_w\" data-index=\"6\" ><div class=\"orion custom mobile-text-center default panel-widget-style panel-widget-style-for-7328-0-1-1\" ><div\n\t\t\t\n\t\t\tclass=\"so-widget-orion_heading_w so-widget-orion_heading_w-base\"\n\t\t\t\n\t\t> \r\n\t\t\t<div class=\"row orion-heading\" style=\"margin-bottom:30px;\">\r\n\t\t<div class=\"col-md-12   text-center style-h6 style-tertiary-color\">\r\n\t\t\t<h6 class=\"tertiary-color\">\r\n\t\t\t\tDr. Youssef Bouhout, Periodontal specialist\t\t\t<\/h6>\r\n\t\t<\/div>\r\n\t<\/div>\r\n\r\n\t<\/div><\/div><\/div><div id=\"panel-7328-0-1-2\" class=\"so-panel widget widget_orion_button_w panel-last-child\" data-index=\"7\" ><div class=\"orion custom default panel-widget-style panel-widget-style-for-7328-0-1-2\" ><div\n\t\t\t\n\t\t\tclass=\"so-widget-orion_button_w so-widget-orion_button_w-base\"\n\t\t\t\n\t\t>\t<div class=\"wrapper block\" style=\"text-align:center\">\r\n\r\n\t\t\t<a class=\"btn btn-c2 btn-flat btn-md\"  href=\"https:\/\/groupedentairelaval.com\/en\/contact\/rdv-book-an-appointment\/\"\r\n\t\t\t   \t\t>\r\n\t\t\tBook an appointment\t\t\r\n\t\t<\/a>\r\n\t\r\n<\/div>\r\n<\/div><\/div><\/div><\/div><\/div><\/div><\/div><\/div>","protected":false},"excerpt":{"rendered":"<p>Family dentistry is for patients of all ages offering complete, comprehensive dental care.<\/p>\n","protected":false},"author":3,"featured_media":0,"parent":2057,"menu_order":0,"comment_status":"closed","ping_status":"closed","template":"","meta":{"footnotes":""},"class_list":["post-7328","page","type-page","status-publish","hentry"],"yoast_head":"<!-- This site is optimized with the Yoast SEO plugin v27.6 - https:\/\/yoast.com\/product\/yoast-seo-wordpress\/ -->\n<title>Dr. Youssef Bouhout - Groupe Dentaire Laval<\/title>\n<meta name=\"robots\" content=\"index, follow, max-snippet:-1, max-image-preview:large, max-video-preview:-1\" \/>\n<link rel=\"canonical\" href=\"https:\/\/groupedentairelaval.com\/en\/clinic\/team\/dr-youssef-bouhout\/\" \/>\n<meta property=\"og:locale\" content=\"en_US\" \/>\n<meta property=\"og:type\" content=\"article\" \/>\n<meta property=\"og:title\" content=\"Dr. Youssef Bouhout - Groupe Dentaire Laval\" \/>\n<meta property=\"og:description\" content=\"Family dentistry is for patients of all ages offering complete, comprehensive dental care.\" \/>\n<meta property=\"og:url\" content=\"https:\/\/groupedentairelaval.com\/en\/clinic\/team\/dr-youssef-bouhout\/\" \/>\n<meta property=\"og:site_name\" content=\"Groupe Dentaire Laval\" \/>\n<meta property=\"article:modified_time\" content=\"2021-07-12T14:37:12+00:00\" \/>\n<meta name=\"twitter:card\" content=\"summary_large_image\" \/>\n<meta name=\"twitter:label1\" content=\"Est. reading time\" \/>\n\t<meta name=\"twitter:data1\" content=\"1 minute\" \/>\n<script type=\"application\/ld+json\" class=\"yoast-schema-graph\">{\"@context\":\"https:\\\/\\\/schema.org\",\"@graph\":[{\"@type\":\"WebPage\",\"@id\":\"https:\\\/\\\/groupedentairelaval.com\\\/en\\\/clinic\\\/team\\\/dr-youssef-bouhout\\\/\",\"url\":\"https:\\\/\\\/groupedentairelaval.com\\\/en\\\/clinic\\\/team\\\/dr-youssef-bouhout\\\/\",\"name\":\"Dr. Youssef Bouhout - Groupe Dentaire Laval\",\"isPartOf\":{\"@id\":\"https:\\\/\\\/groupedentairelaval.com\\\/en\\\/#website\"},\"datePublished\":\"2020-11-16T15:39:19+00:00\",\"dateModified\":\"2021-07-12T14:37:12+00:00\",\"breadcrumb\":{\"@id\":\"https:\\\/\\\/groupedentairelaval.com\\\/en\\\/clinic\\\/team\\\/dr-youssef-bouhout\\\/#breadcrumb\"},\"inLanguage\":\"en-US\",\"potentialAction\":[{\"@type\":\"ReadAction\",\"target\":[\"https:\\\/\\\/groupedentairelaval.com\\\/en\\\/clinic\\\/team\\\/dr-youssef-bouhout\\\/\"]}]},{\"@type\":\"BreadcrumbList\",\"@id\":\"https:\\\/\\\/groupedentairelaval.com\\\/en\\\/clinic\\\/team\\\/dr-youssef-bouhout\\\/#breadcrumb\",\"itemListElement\":[{\"@type\":\"ListItem\",\"position\":1,\"name\":\"Home\",\"item\":\"https:\\\/\\\/groupedentairelaval.com\\\/en\\\/\"},{\"@type\":\"ListItem\",\"position\":2,\"name\":\"Our Clinic\",\"item\":\"https:\\\/\\\/groupedentairelaval.com\\\/en\\\/clinic\\\/\"},{\"@type\":\"ListItem\",\"position\":3,\"name\":\"Meet The Team\",\"item\":\"https:\\\/\\\/groupedentairelaval.com\\\/en\\\/clinic\\\/team\\\/\"},{\"@type\":\"ListItem\",\"position\":4,\"name\":\"Dr. Youssef Bouhout\"}]},{\"@type\":\"WebSite\",\"@id\":\"https:\\\/\\\/groupedentairelaval.com\\\/en\\\/#website\",\"url\":\"https:\\\/\\\/groupedentairelaval.com\\\/en\\\/\",\"name\":\"Groupe Dentaire Laval\",\"description\":\"Laval&#039;s Favorite Family Dental Clinic\",\"publisher\":{\"@id\":\"https:\\\/\\\/groupedentairelaval.com\\\/en\\\/#organization\"},\"potentialAction\":[{\"@type\":\"SearchAction\",\"target\":{\"@type\":\"EntryPoint\",\"urlTemplate\":\"https:\\\/\\\/groupedentairelaval.com\\\/en\\\/?s={search_term_string}\"},\"query-input\":{\"@type\":\"PropertyValueSpecification\",\"valueRequired\":true,\"valueName\":\"search_term_string\"}}],\"inLanguage\":\"en-US\"},{\"@type\":\"Organization\",\"@id\":\"https:\\\/\\\/groupedentairelaval.com\\\/en\\\/#organization\",\"name\":\"Groupe Dentaire Laval\",\"url\":\"https:\\\/\\\/groupedentairelaval.com\\\/en\\\/\",\"logo\":{\"@type\":\"ImageObject\",\"inLanguage\":\"en-US\",\"@id\":\"https:\\\/\\\/groupedentairelaval.com\\\/en\\\/#\\\/schema\\\/logo\\\/image\\\/\",\"url\":\"https:\\\/\\\/groupedentairelaval.com\\\/wp-content\\\/uploads\\\/2019\\\/03\\\/groupedentairelaval-logo.png\",\"contentUrl\":\"https:\\\/\\\/groupedentairelaval.com\\\/wp-content\\\/uploads\\\/2019\\\/03\\\/groupedentairelaval-logo.png\",\"width\":962,\"height\":502,\"caption\":\"Groupe Dentaire Laval\"},\"image\":{\"@id\":\"https:\\\/\\\/groupedentairelaval.com\\\/en\\\/#\\\/schema\\\/logo\\\/image\\\/\"}}]}<\/script>\n<!-- \/ Yoast SEO plugin. -->","yoast_head_json":{"title":"Dr. Youssef Bouhout - Groupe Dentaire Laval","robots":{"index":"index","follow":"follow","max-snippet":"max-snippet:-1","max-image-preview":"max-image-preview:large","max-video-preview":"max-video-preview:-1"},"canonical":"https:\/\/groupedentairelaval.com\/en\/clinic\/team\/dr-youssef-bouhout\/","og_locale":"en_US","og_type":"article","og_title":"Dr. Youssef Bouhout - Groupe Dentaire Laval","og_description":"Family dentistry is for patients of all ages offering complete, comprehensive dental care.","og_url":"https:\/\/groupedentairelaval.com\/en\/clinic\/team\/dr-youssef-bouhout\/","og_site_name":"Groupe Dentaire Laval","article_modified_time":"2021-07-12T14:37:12+00:00","twitter_card":"summary_large_image","twitter_misc":{"Est. reading time":"1 minute"},"schema":{"@context":"https:\/\/schema.org","@graph":[{"@type":"WebPage","@id":"https:\/\/groupedentairelaval.com\/en\/clinic\/team\/dr-youssef-bouhout\/","url":"https:\/\/groupedentairelaval.com\/en\/clinic\/team\/dr-youssef-bouhout\/","name":"Dr. Youssef Bouhout - Groupe Dentaire Laval","isPartOf":{"@id":"https:\/\/groupedentairelaval.com\/en\/#website"},"datePublished":"2020-11-16T15:39:19+00:00","dateModified":"2021-07-12T14:37:12+00:00","breadcrumb":{"@id":"https:\/\/groupedentairelaval.com\/en\/clinic\/team\/dr-youssef-bouhout\/#breadcrumb"},"inLanguage":"en-US","potentialAction":[{"@type":"ReadAction","target":["https:\/\/groupedentairelaval.com\/en\/clinic\/team\/dr-youssef-bouhout\/"]}]},{"@type":"BreadcrumbList","@id":"https:\/\/groupedentairelaval.com\/en\/clinic\/team\/dr-youssef-bouhout\/#breadcrumb","itemListElement":[{"@type":"ListItem","position":1,"name":"Home","item":"https:\/\/groupedentairelaval.com\/en\/"},{"@type":"ListItem","position":2,"name":"Our Clinic","item":"https:\/\/groupedentairelaval.com\/en\/clinic\/"},{"@type":"ListItem","position":3,"name":"Meet The Team","item":"https:\/\/groupedentairelaval.com\/en\/clinic\/team\/"},{"@type":"ListItem","position":4,"name":"Dr. Youssef Bouhout"}]},{"@type":"WebSite","@id":"https:\/\/groupedentairelaval.com\/en\/#website","url":"https:\/\/groupedentairelaval.com\/en\/","name":"Groupe Dentaire Laval","description":"Laval&#039;s Favorite Family Dental Clinic","publisher":{"@id":"https:\/\/groupedentairelaval.com\/en\/#organization"},"potentialAction":[{"@type":"SearchAction","target":{"@type":"EntryPoint","urlTemplate":"https:\/\/groupedentairelaval.com\/en\/?s={search_term_string}"},"query-input":{"@type":"PropertyValueSpecification","valueRequired":true,"valueName":"search_term_string"}}],"inLanguage":"en-US"},{"@type":"Organization","@id":"https:\/\/groupedentairelaval.com\/en\/#organization","name":"Groupe Dentaire Laval","url":"https:\/\/groupedentairelaval.com\/en\/","logo":{"@type":"ImageObject","inLanguage":"en-US","@id":"https:\/\/groupedentairelaval.com\/en\/#\/schema\/logo\/image\/","url":"https:\/\/groupedentairelaval.com\/wp-content\/uploads\/2019\/03\/groupedentairelaval-logo.png","contentUrl":"https:\/\/groupedentairelaval.com\/wp-content\/uploads\/2019\/03\/groupedentairelaval-logo.png","width":962,"height":502,"caption":"Groupe Dentaire Laval"},"image":{"@id":"https:\/\/groupedentairelaval.com\/en\/#\/schema\/logo\/image\/"}}]}},"_links":{"self":[{"href":"https:\/\/groupedentairelaval.com\/en\/wp-json\/wp\/v2\/pages\/7328","targetHints":{"allow":["GET"]}}],"collection":[{"href":"https:\/\/groupedentairelaval.com\/en\/wp-json\/wp\/v2\/pages"}],"about":[{"href":"https:\/\/groupedentairelaval.com\/en\/wp-json\/wp\/v2\/types\/page"}],"author":[{"embeddable":true,"href":"https:\/\/groupedentairelaval.com\/en\/wp-json\/wp\/v2\/users\/3"}],"replies":[{"embeddable":true,"href":"https:\/\/groupedentairelaval.com\/en\/wp-json\/wp\/v2\/comments?post=7328"}],"version-history":[{"count":0,"href":"https:\/\/groupedentairelaval.com\/en\/wp-json\/wp\/v2\/pages\/7328\/revisions"}],"up":[{"embeddable":true,"href":"https:\/\/groupedentairelaval.com\/en\/wp-json\/wp\/v2\/pages\/2057"}],"wp:attachment":[{"href":"https:\/\/groupedentairelaval.com\/en\/wp-json\/wp\/v2\/media?parent=7328"}],"curies":[{"name":"wp","href":"https:\/\/api.w.org\/{rel}","templated":true}]}}